{"id":105,"date":"2025-04-23T11:02:48","date_gmt":"2025-04-23T10:02:48","guid":{"rendered":"https:\/\/lukaszszeliga.pl\/?page_id=105"},"modified":"2025-06-03T09:16:35","modified_gmt":"2025-06-03T08:16:35","slug":"o-mnie","status":"publish","type":"page","link":"https:\/\/lukaszszeliga.pl\/?page_id=105","title":{"rendered":"O mnie"},"content":{"rendered":"\n<p><strong>\u0141ukasz Szeliga &#8211; tutor, edukator i trener oraz spec. w zakresie komunikacji.<\/strong><br><br>Nauczyciel z do\u015bwiadczeniem pracy z przedstawicielami przesz\u0142o 60 pa\u0144stw. Interdyscyplinarne wykszta\u0142cenie przek\u0142adam na praktyk\u0119, rozwijaj\u0105c kompetencje kluczowe u dzieci i m\u0142odzie\u017cy z r\u00f3\u017cnych stron \u015bwiata. <strong>Zajmuj\u0119 si\u0119 wspieraniem organizacji w zakresie strategii komunikacji w mediach cyfrowych i pracy kreatywnej, specjalizuj\u0105c si\u0119 dzia\u0142aniach dot. bran\u017cy edukacji.<\/strong><br><strong>Jako trener i facylitator wspieram nauczycieli i dyrektor\u00f3w w zakresie wdra\u017cania<br>w szkole podej\u015bcia spersonalizowanego<\/strong>&#8211; przede wszystkim tutoringu, pracy z uczniami<br>z do\u015bwiadczeniem migracji oraz stosowania metod nastawionych na rozw\u00f3j<br>samo\u015bwiadomo\u015bci ucz\u0105cych si\u0119. <br><br><strong>Jestem tw\u00f3rc\u0105, wsp\u00f3\u0142tw\u00f3rc\u0105 i cz\u0142onkiem inicjatyw spo\u0142ecznych dzia\u0142aj\u0105cych na rzecz zmian w edukacji<\/strong> (BeCom!, W.I.E.M, Timszel), a tak\u017ce autorem e-kurs\u00f3w dla nauczycieli i obcokrajowc\u00f3w oraz kurs\u00f3w przygotowuj\u0105cych m\u0142odzie\u017c do egzaminu \u00f3smoklasisty z j\u0119zyka polskiego. Wsp\u00f3\u0142pracuj\u0119 z wydawnictwami szkolnymi, organizacjami pozarz\u0105dowymi oraz O\u015brodkami Doskonalenia Nauczycieli. Ucz\u0119 j\u0119zyka polskiego jako ojczystego, obcego i drugiego, a tak\u017ce przygotowuj\u0119 m\u0142odzie\u017c do matury z Business Management w ramach program\u00f3w IB DP i Cambridge. Jestem egzaminatorem podczas pa\u0144stwowych egzamin\u00f3w certyfikatowych z j\u0119zyka polskiego jako obcego.<\/p>\n\n\n\n<p><br><strong>Do instytucji, kt\u00f3re zaufa\u0142y mojej wiedzy i do\u015bwiadczeniu nale\u017c\u0105 m.in.: <\/strong><br>Centrum J\u0119zyka i Kultury Polskiej w \u015awiecie UJ, ISK &#8211; jednostka edukacyjna Stan\u00f3w Zjednoczonych w Polsce, Szko\u0142a J\u0119zyk\u00f3w Obcych Prolog, Szko\u0142a J\u0119zyka Polskiego Together, Czasopismo Polonistyka, CEiR Progresownia, CEiR Edicon, ODN Rewers, TEB Edukacja, \u017bAK, Wydawnictwo Operon, PWN, fundacja Skarbu Pa\u0144stwa Fundacja Solidarno\u015bci Mi\u0119dzynarodowej, Ma\u0142opolska Uczelnia Pa\u0144stwowa im. rtm. Witolda Pileckiego w O\u015bwi\u0119cimiu, Uniwersytety MERITO czy Uniwersytet Otwarty Uniwersytetu \u015al\u0105skiego. <\/p>\n\n\n\n<p><br><strong>Od 2020 roku prowadz\u0119 w Krakowie przestrze\u0144 rozwojowo-edukacyjn\u0105 w duchu<br>podej\u015bcia spersonalizowanego wg autorskiej koncepcji. <\/strong>Miejsce, gdzie m\u0142odzie\u017c z edukacji domowej mo\u017ce rozwija\u0107 swoje pasje i umiej\u0119tno\u015bci mi\u0119kkie, a uczniowie i uczennice po szkole rozwija\u0107 kompetencje kluczowe oraz czerpa\u0107 rado\u015b\u0107 z uczenia si\u0119.<\/p>\n\n\n\n<p class=\"has-text-align-center\"><br><strong>Wierz\u0119, \u017ce edukacja jest fundamentem spo\u0142ecze\u0144stwa rozwoju, <\/strong><br><strong>a komunikacja pe\u0142ni w nim kluczow\u0105 rol\u0119.<\/strong><\/p>\n\n\n\n<p><br><strong>Wybrane podmioty, z kt\u00f3rymi wsp\u00f3\u0142pracowa\u0142em  lub wsp\u00f3\u0142pracuj\u0119 oraz zakres wsp\u00f3\u0142pracy:<\/strong><\/p>\n\n\n\n<ul class=\"wp-block-list\">\n<li>BeCom, od 2020 roku prowadzi w Krakowie w\u0142asn\u0105 przestrze\u0144<br>rozwojowo-edukacyjn\u0105, w kt\u00f3rej wspiera m\u0142odzie\u017c w rozwoju jako tutor, a jako<br>nauczyciel i korepetytor pomaga w przygotowaniu do egzaminu \u00f3smoklasisty<br>i matury, a tak\u017ce wej\u015bciu na rynek pracy. Dzia\u0142alno\u015b\u0107 kontynuuje misj\u0119 inicjatywy<br>za\u0142o\u017conej przez \u0141ukasza Szelig\u0119 w 2015 roku w Krakowie.<\/li>\n\n\n\n<li>TEB Edukacja, od 2021 roku prowadzi szkolenia, warsztaty i webinaria<br>dla nauczycielek i nauczycieli zatrudnionych w szko\u0142ach marki.<\/li>\n\n\n\n<li>Szko\u0142y Policealne \u017bak, w 2022 roku wraz z Dawidem Pach\u0105 i jego zespo\u0142em<br>opracowa\u0142 strategi\u0119 rozwoju portalu maturzysta.edu.pl, a tak\u017ce stworzy\u0142 materia\u0142y i kursy dedykowane m\u0142odym doros\u0142ym, kt\u00f3rzy wchodz\u0105 na rynek pracy. &#8211; Wydawnictwo Operon, opracowa\u0142 koncepcj\u0119 i stworzy\u0142 materia\u0142y<br>do programu ,,Metodyka nauczania j\u0119zyka polskiego jako obcego w szkole. Podstawy\u201d obejmuj\u0105cy kursy on-line do samodzielnej nauki oraz webinaria.<\/li>\n\n\n\n<li>Szko\u0142a w Chmurze, w roku szkolnym 2022\/2023 przeprowadzi\u0142 cykl warsztat\u00f3w<br>rozwojowo-motywacyjnych dla maturzyst\u00f3w i uczni\u00f3w przyst\u0119puj\u0105cych do egzaminu<br>po \u00f3smej klasie w najwi\u0119kszych miastach Polski: Warszawa, Tr\u00f3jmiasto, Krak\u00f3w i Wroc\u0142aw.<\/li>\n\n\n\n<li>Komitet Organizacyjny \u015aDM 2016, na prze\u0142omie 2015 i 2016 roku wraz z Monik\u0105 Paterk\u0105 wsp\u00f3\u0142tworzy\u0142 strategi\u0119 komunikacji marki w social media w kana\u0142ach polskoj\u0119zycznych i zagranicznych, a tak\u017ce prowadzi\u0142 szkolenia dot. nowych medi\u00f3w.<\/li>\n\n\n\n<li>International School of Krak\u00f3w (jednostka edukacyjna pod Ambasad\u0105 Stan\u00f3w<br>Zjednoczonych w Polsce), w latach 2016-2019 uczy\u0142 j\u0119zyka polskiego jako ojczystego, drugiego i obcego, opracowa\u0142 i wdro\u017cy\u0142 innowacyjny przedmiot rozwijaj\u0105cy kompetencje mi\u0119dzykulturowe, a tak\u017ce prowadzi\u0142 przedmiot Business Management do matury IB DP.<\/li>\n\n\n\n<li>Cracow International School, w latach 2016-2019 uczy\u0142 j\u0119zyka polskiego jako<br>ojczystego, drugiego i obcego, a tak\u017ce Business Management do matury Cambridge. Wyst\u0119puje na kongresach o\u015bwiaty, konferencjach i sympozjach edukacyjnych jako ekspert w obszarze edukacji dzieci i m\u0142odzie\u017cy, specjalizuj\u0105c si\u0119 w metodyce nauczania-uczenia si\u0119 j\u0119zyka polskiego jako obcego, drugiego i odziedziczonego, wdra\u017caniu tutoringu w szko\u0142ach jako przyk\u0142adu edukacji spersonalizowanej, skutecznej komunikacji w \u015brodowisku zr\u00f3\u017cnicowanym kulturowo, rozwijaniu 4K i kompetencji mi\u0119dzykulturowych, a tak\u017ce zmiany kultury organizacyjnej od nastawionej na nauczyciela do nastawionej na<br>osoby uczniowskie i spo\u0142eczno\u015b\u0107 szkoln\u0105. <\/li>\n\n\n\n<li>Wyst\u0119powa\u0142em m.in. podczas: Og\u00f3lnopolskiej Konferencji Kadry Kierowniczej O\u015bwiaty, Kongresie O\u015bwiaty organizowanym przez Uniwersytet \u015al\u0105ski, Uroczystym Kongresie Polonist\u00f3w i Bibliotekarzy, Kongresie ,,Uczysz si\u0119 od dziecka\u201d, czy Og\u00f3lnopolskiej Konferencji Naukowo-Metodycznej ,,Szko\u0142a wobec wyzwa\u0144 wsp\u00f3\u0142czesno\u015bci\u201d.<\/li>\n<\/ul>\n\n\n\n<p><strong>Wykszta\u0142cenie:<\/strong><br>Absolwent polonistyki (studia licencjackie i magisterskie, spec. nauczycielska)<br>na Uniwersytecie Jagiello\u0144skim, uko\u0144czone studia podyplomowe z nauczania j\u0119zyka<br>polskiego jako obcego na Uniwersytecie Jagiello\u0144skim, uko\u0144czone studia podyplomowe<br>z marketingu internetowego na Akademii G\u00f3rniczo-Hutniczej w Krakowie.<br>Studiowa\u0142 socjologi\u0119 (poziom magisterium) na UJ w ramach Mi\u0119dzywydzia\u0142owych<br>Indywidualnych Studi\u00f3w Humanistycznych.<\/p>\n","protected":false},"excerpt":{"rendered":"<p>\u0141ukasz Szeliga &#8211; tutor, edukator i trener oraz spec. w zakresie komunikacji. Nauczyciel z do\u015bwiadczeniem pracy z przedstawicielami przesz\u0142o 60 pa\u0144stw. Interdyscyplinarne wykszta\u0142cenie przek\u0142adam na praktyk\u0119, rozwijaj\u0105c kompetencje kluczowe u dzieci i m\u0142odzie\u017cy z r\u00f3\u017cnych stron \u015bwiata. Zajmuj\u0119 si\u0119 wspieraniem organizacji w zakresie strategii komunikacji w mediach cyfrowych i pracy kreatywnej, specjalizuj\u0105c si\u0119 dzia\u0142aniach dot. [&hellip;]<\/p>\n","protected":false},"author":1,"featured_media":0,"parent":0,"menu_order":0,"comment_status":"closed","ping_status":"closed","template":"","meta":{"_themeisle_gutenberg_block_has_review":false,"footnotes":""},"class_list":["post-105","page","type-page","status-publish","hentry"],"_links":{"self":[{"href":"https:\/\/lukaszszeliga.pl\/index.php?rest_route=\/wp\/v2\/pages\/105","targetHints":{"allow":["GET"]}}],"collection":[{"href":"https:\/\/lukaszszeliga.pl\/index.php?rest_route=\/wp\/v2\/pages"}],"about":[{"href":"https:\/\/lukaszszeliga.pl\/index.php?rest_route=\/wp\/v2\/types\/page"}],"author":[{"embeddable":true,"href":"https:\/\/lukaszszeliga.pl\/index.php?rest_route=\/wp\/v2\/users\/1"}],"replies":[{"embeddable":true,"href":"https:\/\/lukaszszeliga.pl\/index.php?rest_route=%2Fwp%2Fv2%2Fcomments&post=105"}],"version-history":[{"count":5,"href":"https:\/\/lukaszszeliga.pl\/index.php?rest_route=\/wp\/v2\/pages\/105\/revisions"}],"predecessor-version":[{"id":149,"href":"https:\/\/lukaszszeliga.pl\/index.php?rest_route=\/wp\/v2\/pages\/105\/revisions\/149"}],"wp:attachment":[{"href":"https:\/\/lukaszszeliga.pl\/index.php?rest_route=%2Fwp%2Fv2%2Fmedia&parent=105"}],"curies":[{"name":"wp","href":"https:\/\/api.w.org\/{rel}","templated":true}]}}