{"id":58,"date":"2025-04-23T10:13:35","date_gmt":"2025-04-23T09:13:35","guid":{"rendered":"https:\/\/lukaszszeliga.pl\/?page_id=58"},"modified":"2025-06-04T05:19:38","modified_gmt":"2025-06-04T04:19:38","slug":"oferta-dla-szkol","status":"publish","type":"page","link":"https:\/\/lukaszszeliga.pl\/?page_id=58","title":{"rendered":"Oferta dla szk\u00f3\u0142"},"content":{"rendered":"\n<p><strong>Prowadz\u0119 zar\u00f3wno warsztaty dla dzieci i m\u0142odzie\u017cy, jak i szkolenia i warsztaty dla kadry nauczycielskiej. W swojej ofercie posiadam tak\u017ce programy rozwojowe dla szk\u00f3\u0142. <\/strong><br><strong>Uwa\u017cam, \u017ce najlepsze wsparcie jest wtedy, gdy mam mo\u017cliwo\u015b\u0107 pozna\u0107 (cho\u0107 troch\u0119) szko\u0142\u0119 i Zesp\u00f3\u0142, dlatego zapraszam do kontaktu celem zaprojektowania spersonalizowanej oferty pod Pa\u0144stwa potrzeby.<\/strong><br><br>Telefon: <strong>694 521 484<\/strong><\/p>\n\n\n\n<p>adres e-mail: <strong>lukaszszeliga.edu@gmail.com<\/strong><\/p>\n\n\n\n<p><\/p>\n\n\n\n<p><strong>Wybrane tematy warsztat\u00f3w dla uczni\u00f3w szk\u00f3\u0142 podstawowych i ponadpodstawowych:<\/strong><br><br>1. Co nas czyni cz\u0142owiekiem? Warsztaty rozwijaj\u0105ce empati\u0119 w duchu 4K.<br>2. Pierwsze kroki w biznesie: bud\u017cetowanie i zarz\u0105dzanie finansami. Warsztaty w duchu 4K.<br>3. Pierwsze kroki w biznesie: podstawy marketingu. Warsztaty w duchu 4K.<br>4. Mam t\u0119 moc! Warsztaty motywacyjne dla uczni\u00f3w klas 8, kt\u00f3rzy przyst\u0119puj\u0105 do egzaminu \u00f3smoklasisty.<br>5. Kim jestem? Warsztaty antydyskryminacyjne i przeciwdzia\u0142aj\u0105ce przemocy r\u00f3wie\u015bniczej. <br>6. Jak si\u0119 komunikowa\u0107, aby si\u0119 dogada\u0107? Warsztaty w duchu 4K rozwijaj\u0105ce umiej\u0119tno\u015bci empatycznej komunikacji. <br><br><strong>Wybrane tematy warsztat\u00f3w dla nauczycielek i nauczycieli:<\/strong><\/p>\n\n\n\n<p>1. Empatyczna komunikacja, kt\u00f3ra przeciwdzia\u0142a nieporozumieniom.<br>2. Ucze\u0144 w centrum. Od filozofii do praktycznych rozwi\u0105za\u0144 w klasie.<br>3. Ucze\u0144 z do\u015bwiadczeniem migracji. Wsparcie, rozwi\u0105zania i pomoce dydaktyczne.<br>4. Kryzys psychiczny. Jak wspiera\u0107 ucznia, kt\u00f3ry do\u015bwiadcza kryzysu psychicznego. Profilaktyka i reagowanie.<br>5. Ucze\u0144 LGBT+ w szkole. Komunikacja i wsparcie, kt\u00f3re przeciwdzia\u0142a wykluczeniu.<br>6. 4K, czyli rozwijanie komunikacji, krytycznego my\u015blenia, kooperacji i kreatywno\u015bci w praktyce szkolnej.<br>7. Ocenianie, kt\u00f3re wspiera uczenie si\u0119 i rozwija poczucie sprawstwa. <br>8. Tworzenie kartk\u00f3wek i sprawdzian\u00f3w, kt\u00f3re s\u0142u\u017c\u0105 uczeniu si\u0119.<br>9. Kreatywna praca z tekstem literackim na przedmiotach humanistycznych.<br>10. STEAM w praktyce szkolnej, czyli o interdyscyplinarnym podej\u015bciu do edukacji.<\/p>\n\n\n\n<p><\/p>\n","protected":false},"excerpt":{"rendered":"<p>Prowadz\u0119 zar\u00f3wno warsztaty dla dzieci i m\u0142odzie\u017cy, jak i szkolenia i warsztaty dla kadry nauczycielskiej. W swojej ofercie posiadam tak\u017ce programy rozwojowe dla szk\u00f3\u0142. Uwa\u017cam, \u017ce najlepsze wsparcie jest wtedy, gdy mam mo\u017cliwo\u015b\u0107 pozna\u0107 (cho\u0107 troch\u0119) szko\u0142\u0119 i Zesp\u00f3\u0142, dlatego zapraszam do kontaktu celem zaprojektowania spersonalizowanej oferty pod Pa\u0144stwa potrzeby. Telefon: 694 521 484 adres [&hellip;]<\/p>\n","protected":false},"author":1,"featured_media":0,"parent":0,"menu_order":0,"comment_status":"closed","ping_status":"closed","template":"","meta":{"_themeisle_gutenberg_block_has_review":false,"footnotes":""},"class_list":["post-58","page","type-page","status-publish","hentry"],"_links":{"self":[{"href":"https:\/\/lukaszszeliga.pl\/index.php?rest_route=\/wp\/v2\/pages\/58","targetHints":{"allow":["GET"]}}],"collection":[{"href":"https:\/\/lukaszszeliga.pl\/index.php?rest_route=\/wp\/v2\/pages"}],"about":[{"href":"https:\/\/lukaszszeliga.pl\/index.php?rest_route=\/wp\/v2\/types\/page"}],"author":[{"embeddable":true,"href":"https:\/\/lukaszszeliga.pl\/index.php?rest_route=\/wp\/v2\/users\/1"}],"replies":[{"embeddable":true,"href":"https:\/\/lukaszszeliga.pl\/index.php?rest_route=%2Fwp%2Fv2%2Fcomments&post=58"}],"version-history":[{"count":7,"href":"https:\/\/lukaszszeliga.pl\/index.php?rest_route=\/wp\/v2\/pages\/58\/revisions"}],"predecessor-version":[{"id":166,"href":"https:\/\/lukaszszeliga.pl\/index.php?rest_route=\/wp\/v2\/pages\/58\/revisions\/166"}],"wp:attachment":[{"href":"https:\/\/lukaszszeliga.pl\/index.php?rest_route=%2Fwp%2Fv2%2Fmedia&parent=58"}],"curies":[{"name":"wp","href":"https:\/\/api.w.org\/{rel}","templated":true}]}}