{"id":64,"date":"2025-04-23T10:20:12","date_gmt":"2025-04-23T09:20:12","guid":{"rendered":"https:\/\/lukaszszeliga.pl\/?page_id=64"},"modified":"2025-06-03T09:34:31","modified_gmt":"2025-06-03T08:34:31","slug":"oferta-dla-uczniow","status":"publish","type":"page","link":"https:\/\/lukaszszeliga.pl\/?page_id=64","title":{"rendered":"Oferta dla uczni\u00f3w"},"content":{"rendered":"\n<p><strong>Od przesz\u0142o 13 lat wspieram dzieci i m\u0142odzie\u017c w rozwoju jako nauczyciel i edukator, a od przesz\u0142o 9 jako tutor. Prowadz\u0119 zar\u00f3wno tutoriale, jak i warsztaty grupowe. Zaj\u0119cia odbywaj\u0105 si\u0119 w mojej przestrzeni rozwojowo-edukacyjnej przy ul. Basztowej 1 w Krakowie. <\/strong><br><strong>Uwa\u017cam, \u017ce najlepsze wsparcie jest wtedy, gdy mam mo\u017cliwo\u015b\u0107 pozna\u0107 dziecko i rodzic\u00f3w\/ opiekun\u00f3w, dlatego zapraszam do kontaktu celem um\u00f3wienia pierwszego bezp\u0142atnego spotkania.<\/strong><br><br>Telefon: <strong>694 521 484<\/strong><\/p>\n\n\n\n<p>adres e-mail: <strong>lukaszszeliga.edu@gmail.com<\/strong><\/p>\n\n\n\n<p><\/p>\n\n\n\n<p><strong>Wybrana formy wsparcia:<\/strong><\/p>\n\n\n\n<p>1. Tutoring<\/p>\n\n\n\n<p>2. Warsztaty dot. rozwijania kreatywno\u015bci, komunikacji, kooperacji i krytycznego my\u015blenia.<\/p>\n\n\n\n<p>3. Warsztaty dot. rozwijania umiej\u0119tno\u015bci biznesowych.<\/p>\n\n\n\n<p>4. Kursy j\u0119zyka polskiego jako obcego\/ drugiego.<\/p>\n\n\n\n<p>5. Przygotowanie do egzaminu \u00f3smoklasisty z j\u0119zyka polskiego.<\/p>\n","protected":false},"excerpt":{"rendered":"<p>Od przesz\u0142o 13 lat wspieram dzieci i m\u0142odzie\u017c w rozwoju jako nauczyciel i edukator, a od przesz\u0142o 9 jako tutor. Prowadz\u0119 zar\u00f3wno tutoriale, jak i warsztaty grupowe. Zaj\u0119cia odbywaj\u0105 si\u0119 w mojej przestrzeni rozwojowo-edukacyjnej przy ul. Basztowej 1 w Krakowie. Uwa\u017cam, \u017ce najlepsze wsparcie jest wtedy, gdy mam mo\u017cliwo\u015b\u0107 pozna\u0107 dziecko i rodzic\u00f3w\/ opiekun\u00f3w, dlatego [&hellip;]<\/p>\n","protected":false},"author":1,"featured_media":0,"parent":0,"menu_order":0,"comment_status":"closed","ping_status":"closed","template":"","meta":{"_themeisle_gutenberg_block_has_review":false,"footnotes":""},"class_list":["post-64","page","type-page","status-publish","hentry"],"_links":{"self":[{"href":"https:\/\/lukaszszeliga.pl\/index.php?rest_route=\/wp\/v2\/pages\/64","targetHints":{"allow":["GET"]}}],"collection":[{"href":"https:\/\/lukaszszeliga.pl\/index.php?rest_route=\/wp\/v2\/pages"}],"about":[{"href":"https:\/\/lukaszszeliga.pl\/index.php?rest_route=\/wp\/v2\/types\/page"}],"author":[{"embeddable":true,"href":"https:\/\/lukaszszeliga.pl\/index.php?rest_route=\/wp\/v2\/users\/1"}],"replies":[{"embeddable":true,"href":"https:\/\/lukaszszeliga.pl\/index.php?rest_route=%2Fwp%2Fv2%2Fcomments&post=64"}],"version-history":[{"count":3,"href":"https:\/\/lukaszszeliga.pl\/index.php?rest_route=\/wp\/v2\/pages\/64\/revisions"}],"predecessor-version":[{"id":155,"href":"https:\/\/lukaszszeliga.pl\/index.php?rest_route=\/wp\/v2\/pages\/64\/revisions\/155"}],"wp:attachment":[{"href":"https:\/\/lukaszszeliga.pl\/index.php?rest_route=%2Fwp%2Fv2%2Fmedia&parent=64"}],"curies":[{"name":"wp","href":"https:\/\/api.w.org\/{rel}","templated":true}]}}