{"id":66,"date":"2025-04-23T10:20:51","date_gmt":"2025-04-23T09:20:51","guid":{"rendered":"https:\/\/lukaszszeliga.pl\/?page_id=66"},"modified":"2025-06-03T09:41:06","modified_gmt":"2025-06-03T08:41:06","slug":"oferta-dla-biznesu","status":"publish","type":"page","link":"https:\/\/lukaszszeliga.pl\/?page_id=66","title":{"rendered":"Oferta dla biznesu"},"content":{"rendered":"\n<p><strong>Od 2015 roku zajmuj\u0119 si\u0119 wspieraniem organizacji i os\u00f3b prywatnych w budowaniu wizerunku z wykorzystaniem social media, a przede wszystkim w tworzeniu tworzeniu strategii komunikacji. \u0141\u0105cze solidne umiej\u0119tno\u015bci z wiedz\u0105 wyniesion\u0105 nie tylko ze studi\u00f3w polonistycznych, socjologicznych i w zakresie e-marketingu, ale przede wszystkim know-how zdobyte podczas wsp\u00f3\u0142pracy z podmiotami pa\u0144stwowymi, mi\u0119dzynarodowymi i du\u017cymi markami. Oferuj\u0119 wsparcie jako konsultant ds. komunikacji, szkoleniowiec (wsp\u00f3\u0142praca, kreatywno\u015b\u0107 i komunikacja) oraz mentor (dotyczy plac\u00f3wek o\u015bwiatowych).<\/strong><br><strong>Uwa\u017cam, \u017ce najlepsze wsparcie jest wtedy, gdy mam mo\u017cliwo\u015b\u0107 pozna\u0107 (cho\u0107 troch\u0119) organizacj\u0119 i ludzi j\u0105 tworz\u0105cych, dlatego zapraszam do kontaktu celem spotkania si\u0119 i zaprojektowania spersonalizowanej oferty pod Pa\u0144stwa potrzeby.<\/strong><br><br>Telefon:\u00a0<strong>694 521 484<\/strong><\/p>\n\n\n\n<p>adres e-mail:&nbsp;<strong>lukaszszeliga.edu@gmail.com<\/strong><\/p>\n\n\n\n<p><\/p>\n\n\n\n<p><strong>Wybrane formy wsaprcia:<\/strong><\/p>\n\n\n\n<p>1. Szkolenia<\/p>\n\n\n\n<p>2. Konsultacje<\/p>\n\n\n\n<p>3. Wyst\u0105pienia<\/p>\n","protected":false},"excerpt":{"rendered":"<p>Od 2015 roku zajmuj\u0119 si\u0119 wspieraniem organizacji i os\u00f3b prywatnych w budowaniu wizerunku z wykorzystaniem social media, a przede wszystkim w tworzeniu tworzeniu strategii komunikacji. \u0141\u0105cze solidne umiej\u0119tno\u015bci z wiedz\u0105 wyniesion\u0105 nie tylko ze studi\u00f3w polonistycznych, socjologicznych i w zakresie e-marketingu, ale przede wszystkim know-how zdobyte podczas wsp\u00f3\u0142pracy z podmiotami pa\u0144stwowymi, mi\u0119dzynarodowymi i du\u017cymi markami. [&hellip;]<\/p>\n","protected":false},"author":1,"featured_media":0,"parent":0,"menu_order":0,"comment_status":"closed","ping_status":"closed","template":"","meta":{"_themeisle_gutenberg_block_has_review":false,"footnotes":""},"class_list":["post-66","page","type-page","status-publish","hentry"],"_links":{"self":[{"href":"https:\/\/lukaszszeliga.pl\/index.php?rest_route=\/wp\/v2\/pages\/66","targetHints":{"allow":["GET"]}}],"collection":[{"href":"https:\/\/lukaszszeliga.pl\/index.php?rest_route=\/wp\/v2\/pages"}],"about":[{"href":"https:\/\/lukaszszeliga.pl\/index.php?rest_route=\/wp\/v2\/types\/page"}],"author":[{"embeddable":true,"href":"https:\/\/lukaszszeliga.pl\/index.php?rest_route=\/wp\/v2\/users\/1"}],"replies":[{"embeddable":true,"href":"https:\/\/lukaszszeliga.pl\/index.php?rest_route=%2Fwp%2Fv2%2Fcomments&post=66"}],"version-history":[{"count":3,"href":"https:\/\/lukaszszeliga.pl\/index.php?rest_route=\/wp\/v2\/pages\/66\/revisions"}],"predecessor-version":[{"id":158,"href":"https:\/\/lukaszszeliga.pl\/index.php?rest_route=\/wp\/v2\/pages\/66\/revisions\/158"}],"wp:attachment":[{"href":"https:\/\/lukaszszeliga.pl\/index.php?rest_route=%2Fwp%2Fv2%2Fmedia&parent=66"}],"curies":[{"name":"wp","href":"https:\/\/api.w.org\/{rel}","templated":true}]}}