{"id":91,"date":"2025-04-23T10:41:17","date_gmt":"2025-04-23T09:41:17","guid":{"rendered":"https:\/\/lukaszszeliga.pl\/?page_id=91"},"modified":"2025-06-04T05:17:08","modified_gmt":"2025-06-04T04:17:08","slug":"kontakt","status":"publish","type":"page","link":"https:\/\/lukaszszeliga.pl\/?page_id=91","title":{"rendered":"Kontakt"},"content":{"rendered":"\n<p>Let&#8217;s talk! Zapraszam do kontaktu. Mo\u017cemy spotka\u0107 si\u0119 przy herbacie lub kawie w przestrzeni przy ulicy Basztowej 1 w Krakowie, w kt\u00f3rej na co dzie\u0144 pracuj\u0119. Zapraszam te\u017c do kontaktu mailowego: <strong>lukaszszeliga.edu@gmail.com<\/strong> lub telefonicznego: <strong>694 521 484<\/strong>.<\/p>\n\n\n\n<p><\/p>\n","protected":false},"excerpt":{"rendered":"<p>Let&#8217;s talk! Zapraszam do kontaktu. Mo\u017cemy spotka\u0107 si\u0119 przy herbacie lub kawie w przestrzeni przy ulicy Basztowej 1 w Krakowie, w kt\u00f3rej na co dzie\u0144 pracuj\u0119. Zapraszam te\u017c do kontaktu mailowego: lukaszszeliga.edu@gmail.com lub telefonicznego: 694 521 484.<\/p>\n","protected":false},"author":1,"featured_media":0,"parent":0,"menu_order":0,"comment_status":"closed","ping_status":"closed","template":"","meta":{"_themeisle_gutenberg_block_has_review":false,"footnotes":""},"class_list":["post-91","page","type-page","status-publish","hentry"],"_links":{"self":[{"href":"https:\/\/lukaszszeliga.pl\/index.php?rest_route=\/wp\/v2\/pages\/91","targetHints":{"allow":["GET"]}}],"collection":[{"href":"https:\/\/lukaszszeliga.pl\/index.php?rest_route=\/wp\/v2\/pages"}],"about":[{"href":"https:\/\/lukaszszeliga.pl\/index.php?rest_route=\/wp\/v2\/types\/page"}],"author":[{"embeddable":true,"href":"https:\/\/lukaszszeliga.pl\/index.php?rest_route=\/wp\/v2\/users\/1"}],"replies":[{"embeddable":true,"href":"https:\/\/lukaszszeliga.pl\/index.php?rest_route=%2Fwp%2Fv2%2Fcomments&post=91"}],"version-history":[{"count":4,"href":"https:\/\/lukaszszeliga.pl\/index.php?rest_route=\/wp\/v2\/pages\/91\/revisions"}],"predecessor-version":[{"id":163,"href":"https:\/\/lukaszszeliga.pl\/index.php?rest_route=\/wp\/v2\/pages\/91\/revisions\/163"}],"wp:attachment":[{"href":"https:\/\/lukaszszeliga.pl\/index.php?rest_route=%2Fwp%2Fv2%2Fmedia&parent=91"}],"curies":[{"name":"wp","href":"https:\/\/api.w.org\/{rel}","templated":true}]}}